{"id":2955,"date":"2018-04-06T15:48:58","date_gmt":"2018-04-06T15:48:58","guid":{"rendered":"https:\/\/metrolinkanphu.com\/?page_id=2955"},"modified":"2026-01-22T09:14:08","modified_gmt":"2026-01-22T02:14:08","slug":"tieu-diem","status":"publish","type":"page","link":"https:\/\/metrolinkanphu.com\/en\/tieu-diem\/","title":{"rendered":"Ti\u00eau \u0111i\u1ec3m"},"content":{"rendered":"<section class=\"section\" id=\"section_1544540664\">\n\t\t<div class=\"bg section-bg fill bg-fill bg-loaded bg-loaded\" >\n\n\t\t\t\n\t\t\t\n\t\t\t\n\n\t\t<\/div>\n\n\t\t\n\n\t\t<div class=\"section-content relative\">\n\t\t\t\n<div class=\"row align-center\"  id=\"row-268935111\">\n\n\t<div id=\"col-1783954391\" class=\"col hide-for-medium medium-4 small-12 large-4\"  data-animate=\"fadeInLeft\">\n\t\t\t\t<div class=\"col-inner\"  >\n\t\t\t\n\t\t\t\n<div class=\"text-right\"><div class=\"is-divider divider clearfix\" style=\"margin-top:1.4em;margin-bottom:1.4em;max-width:320px;background-color:rgb(220, 6, 136);\"><\/div><\/div>\n\t\t<\/div>\n\t\t\t\t\t<\/div>\n\n\t\n\n\t<div id=\"col-1331381477\" class=\"col medium-4 small-12 large-4\"  >\n\t\t\t\t<div class=\"col-inner text-center\"  >\n\t\t\t\n\t\t\t\n<h1 class=\"uppercase\"><span style=\"color: #e71096;\">FEATURED STORIES<\/span><\/h1>\n\t\t<\/div>\n\t\t\t\t\t<\/div>\n\n\t\n\n\t<div id=\"col-1109283457\" class=\"col hide-for-medium medium-4 small-12 large-4\"  data-animate=\"fadeInRight\">\n\t\t\t\t<div class=\"col-inner\"  >\n\t\t\t\n\t\t\t\n<div class=\"text-right\"><div class=\"is-divider divider clearfix\" style=\"margin-top:1.4em;margin-bottom:1.4em;max-width:320px;background-color:rgb(220, 6, 136);\"><\/div><\/div>\n\t\t<\/div>\n\t\t\t\t\t<\/div>\n\n\t\n<\/div>\n\t\t<\/div>\n\n\t\t\n<style>\n#section_1544540664 {\n  padding-top: 30px;\n  padding-bottom: 30px;\n}\n#section_1544540664 .ux-shape-divider--top svg {\n  height: 150px;\n  --divider-top-width: 100%;\n}\n#section_1544540664 .ux-shape-divider--bottom svg {\n  height: 150px;\n  --divider-width: 100%;\n}\n<\/style>\n\t<\/section>\n\t\n<div class=\"row\"  id=\"row-560704973\">\n\n\t<div id=\"col-669426082\" class=\"col small-12 large-12\"  >\n\t\t\t\t<div class=\"col-inner\"  >\n\t\t\t\n\t\t\t\n\n  \n    <div class=\"row large-columns-3 medium-columns-1 small-columns-1\">\n  <div class=\"col post-item\" >\n\t\t\t<div class=\"col-inner\">\n\t\t\t<a href=\"https:\/\/metrolinkanphu.com\/en\/kham-pha-cac-toa-nha-cho-thue-van-phong-tren-duong-song-hanh-quan-2\/\" class=\"plain\">\n\t\t\t\t<div class=\"box box-normal box-text-bottom box-blog-post has-hover\">\n            \t\t\t\t\t<div class=\"box-image\" >\n  \t\t\t\t\t\t<div class=\"image-cover\" style=\"padding-top:75%;\">\n  \t\t\t\t\t\t\t<img loading=\"lazy\" decoding=\"async\" width=\"603\" height=\"400\" src=\"https:\/\/metrolinkanphu.com\/wp-content\/uploads\/2026\/04\/To\u0300a-Nha\u0300-Cho-Thue\u0302-Va\u0306n-Pho\u0300ng2-603x400.png\" class=\"attachment-medium size-medium wp-post-image\" alt=\"\" srcset=\"https:\/\/metrolinkanphu.com\/wp-content\/uploads\/2026\/04\/To\u0300a-Nha\u0300-Cho-Thue\u0302-Va\u0306n-Pho\u0300ng2-603x400.png 603w, https:\/\/metrolinkanphu.com\/wp-content\/uploads\/2026\/04\/To\u0300a-Nha\u0300-Cho-Thue\u0302-Va\u0306n-Pho\u0300ng2-768x510.png 768w, https:\/\/metrolinkanphu.com\/wp-content\/uploads\/2026\/04\/To\u0300a-Nha\u0300-Cho-Thue\u0302-Va\u0306n-Pho\u0300ng2-18x12.png 18w, https:\/\/metrolinkanphu.com\/wp-content\/uploads\/2026\/04\/To\u0300a-Nha\u0300-Cho-Thue\u0302-Va\u0306n-Pho\u0300ng2.png 904w\" sizes=\"auto, (max-width: 603px) 100vw, 603px\" \/>  \t\t\t\t\t\t\t  \t\t\t\t\t\t\t  \t\t\t\t\t\t<\/div>\n  \t\t\t\t\t\t  \t\t\t\t\t<\/div>\n          \t\t\t\t\t<div class=\"box-text text-center\" >\n\t\t\t\t\t<div class=\"box-text-inner blog-post-inner\">\n\n\t\t\t\t\t\n\t\t\t\t\t\t\t\t\t\t<h5 class=\"post-title is-large\">Kh\u00e1m Ph\u00e1 C\u00e1c T\u00f2a Nh\u00e0 Cho Thu\u00ea V\u0103n Ph\u00f2ng Tr\u00ean \u0110\u01b0\u1eddng Song H\u00e0nh Qu\u1eadn 2<\/h5>\n\t\t\t\t\t\t\t\t\t\t<div class=\"is-divider\"><\/div>\n\t\t\t\t\t\t\t\t\t\t<p class=\"from_the_blog_excerpt\">\u0110\u01b0\u1eddng Song H\u00e0nh \u0111ang tr\u1edf th\u00e0nh m\u1ed9t trong nh\u1eefng tr\u1ee5c giao th\u01b0\u01a1ng v\u00e0 v\u0103n ph\u00f2ng...\t\t\t\t\t<\/p>\n\t\t\t\t\t                    \n\t\t\t\t\t\n\t\t\t\t\t\n\t\t\t\t\t<\/div>\n\t\t\t\t\t<\/div>\n\t\t\t\t\t\t\t\t\t\t\t\t\t\t\t\t<div class=\"badge absolute top post-date badge-circle-inside\">\n\t\t\t\t\t\t\t<div class=\"badge-inner\">\n\t\t\t\t\t\t\t\t<span class=\"post-date-day\">15<\/span><br>\n\t\t\t\t\t\t\t\t<span class=\"post-date-month is-xsmall\">Apr<\/span>\n\t\t\t\t\t\t\t<\/div>\n\t\t\t\t\t\t<\/div>\n\t\t\t\t\t\t\t\t\t<\/div>\n\t\t\t\t<\/a>\n\t\t\t<\/div>\n\t\t<\/div><div class=\"col post-item\" >\n\t\t\t<div class=\"col-inner\">\n\t\t\t<a href=\"https:\/\/metrolinkanphu.com\/en\/san-hoang-hon-tai-ben-tau-waterbus-binh-an-ga-tau-thuy-thao-dien-quan-2\/\" class=\"plain\">\n\t\t\t\t<div class=\"box box-normal box-text-bottom box-blog-post has-hover\">\n            \t\t\t\t\t<div class=\"box-image\" >\n  \t\t\t\t\t\t<div class=\"image-cover\" style=\"padding-top:75%;\">\n  \t\t\t\t\t\t\t<img loading=\"lazy\" decoding=\"async\" width=\"701\" height=\"400\" src=\"https:\/\/metrolinkanphu.com\/wp-content\/uploads\/2026\/04\/Ga-Ta\u0300u-Thu\u0309y-Tha\u0309o-Die\u0302\u0300n-Qua\u0323\u0302n-2--701x400.png\" class=\"attachment-medium size-medium wp-post-image\" alt=\"\" srcset=\"https:\/\/metrolinkanphu.com\/wp-content\/uploads\/2026\/04\/Ga-Ta\u0300u-Thu\u0309y-Tha\u0309o-Die\u0302\u0300n-Qua\u0323\u0302n-2--701x400.png 701w, https:\/\/metrolinkanphu.com\/wp-content\/uploads\/2026\/04\/Ga-Ta\u0300u-Thu\u0309y-Tha\u0309o-Die\u0302\u0300n-Qua\u0323\u0302n-2--768x438.png 768w, https:\/\/metrolinkanphu.com\/wp-content\/uploads\/2026\/04\/Ga-Ta\u0300u-Thu\u0309y-Tha\u0309o-Die\u0302\u0300n-Qua\u0323\u0302n-2--18x10.png 18w, https:\/\/metrolinkanphu.com\/wp-content\/uploads\/2026\/04\/Ga-Ta\u0300u-Thu\u0309y-Tha\u0309o-Die\u0302\u0300n-Qua\u0323\u0302n-2-.png 904w\" sizes=\"auto, (max-width: 701px) 100vw, 701px\" \/>  \t\t\t\t\t\t\t  \t\t\t\t\t\t\t  \t\t\t\t\t\t<\/div>\n  \t\t\t\t\t\t  \t\t\t\t\t<\/div>\n          \t\t\t\t\t<div class=\"box-text text-center\" >\n\t\t\t\t\t<div class=\"box-text-inner blog-post-inner\">\n\n\t\t\t\t\t\n\t\t\t\t\t\t\t\t\t\t<h5 class=\"post-title is-large\">S\u0103n Ho\u00e0ng H\u00f4n T\u1ea1i B\u1ebfn T\u00e0u Waterbus B\u00ecnh An &#038; Ga T\u00e0u Th\u1ee7y Th\u1ea3o \u0110i\u1ec1n Qu\u1eadn 2<\/h5>\n\t\t\t\t\t\t\t\t\t\t<div class=\"is-divider\"><\/div>\n\t\t\t\t\t\t\t\t\t\t<p class=\"from_the_blog_excerpt\">S\u00e0i G\u00f2n nh\u1eefng bu\u1ed5i chi\u1ec1u t\u00e0 lu\u00f4n mang m\u1ed9t v\u1ebb \u0111\u1eb9p l\u00e3ng m\u1ea1n r\u1ea5t ri\u00eang....\t\t\t\t\t<\/p>\n\t\t\t\t\t                    \n\t\t\t\t\t\n\t\t\t\t\t\n\t\t\t\t\t<\/div>\n\t\t\t\t\t<\/div>\n\t\t\t\t\t\t\t\t\t\t\t\t\t\t\t\t<div class=\"badge absolute top post-date badge-circle-inside\">\n\t\t\t\t\t\t\t<div class=\"badge-inner\">\n\t\t\t\t\t\t\t\t<span class=\"post-date-day\">15<\/span><br>\n\t\t\t\t\t\t\t\t<span class=\"post-date-month is-xsmall\">Apr<\/span>\n\t\t\t\t\t\t\t<\/div>\n\t\t\t\t\t\t<\/div>\n\t\t\t\t\t\t\t\t\t<\/div>\n\t\t\t\t<\/a>\n\t\t\t<\/div>\n\t\t<\/div><div class=\"col post-item\" >\n\t\t\t<div class=\"col-inner\">\n\t\t\t<a href=\"https:\/\/metrolinkanphu.com\/en\/trai-nghiem-the-factory-contemporary-arts-centre-tai-thao-dien-quan-2\/\" class=\"plain\">\n\t\t\t\t<div class=\"box box-normal box-text-bottom box-blog-post has-hover\">\n            \t\t\t\t\t<div class=\"box-image\" >\n  \t\t\t\t\t\t<div class=\"image-cover\" style=\"padding-top:75%;\">\n  \t\t\t\t\t\t\t<img loading=\"lazy\" decoding=\"async\" width=\"712\" height=\"400\" src=\"https:\/\/metrolinkanphu.com\/wp-content\/uploads\/2026\/04\/The-Factory-Contemporary-Arts-Centre-712x400.png\" class=\"attachment-medium size-medium wp-post-image\" alt=\"\" srcset=\"https:\/\/metrolinkanphu.com\/wp-content\/uploads\/2026\/04\/The-Factory-Contemporary-Arts-Centre-712x400.png 712w, https:\/\/metrolinkanphu.com\/wp-content\/uploads\/2026\/04\/The-Factory-Contemporary-Arts-Centre-768x432.png 768w, https:\/\/metrolinkanphu.com\/wp-content\/uploads\/2026\/04\/The-Factory-Contemporary-Arts-Centre-18x10.png 18w, https:\/\/metrolinkanphu.com\/wp-content\/uploads\/2026\/04\/The-Factory-Contemporary-Arts-Centre.png 904w\" sizes=\"auto, (max-width: 712px) 100vw, 712px\" \/>  \t\t\t\t\t\t\t  \t\t\t\t\t\t\t  \t\t\t\t\t\t<\/div>\n  \t\t\t\t\t\t  \t\t\t\t\t<\/div>\n          \t\t\t\t\t<div class=\"box-text text-center\" >\n\t\t\t\t\t<div class=\"box-text-inner blog-post-inner\">\n\n\t\t\t\t\t\n\t\t\t\t\t\t\t\t\t\t<h5 class=\"post-title is-large\">Tr\u1ea3i Nghi\u1ec7m The Factory Contemporary Arts Centre T\u1ea1i Th\u1ea3o \u0110i\u1ec1n Qu\u1eadn 2<\/h5>\n\t\t\t\t\t\t\t\t\t\t<div class=\"is-divider\"><\/div>\n\t\t\t\t\t\t\t\t\t\t<p class=\"from_the_blog_excerpt\">Nh\u1eafc \u0111\u1ebfn Th\u1ea3o \u0110i\u1ec1n Qu\u1eadn 2, ng\u01b0\u1eddi ta th\u01b0\u1eddng ngh\u0129 ngay \u0111\u1ebfn nh\u1eefng trung t\u00e2m...\t\t\t\t\t<\/p>\n\t\t\t\t\t                    \n\t\t\t\t\t\n\t\t\t\t\t\n\t\t\t\t\t<\/div>\n\t\t\t\t\t<\/div>\n\t\t\t\t\t\t\t\t\t\t\t\t\t\t\t\t<div class=\"badge absolute top post-date badge-circle-inside\">\n\t\t\t\t\t\t\t<div class=\"badge-inner\">\n\t\t\t\t\t\t\t\t<span class=\"post-date-day\">15<\/span><br>\n\t\t\t\t\t\t\t\t<span class=\"post-date-month is-xsmall\">Apr<\/span>\n\t\t\t\t\t\t\t<\/div>\n\t\t\t\t\t\t<\/div>\n\t\t\t\t\t\t\t\t\t<\/div>\n\t\t\t\t<\/a>\n\t\t\t<\/div>\n\t\t<\/div><div class=\"col post-item\" >\n\t\t\t<div class=\"col-inner\">\n\t\t\t<a href=\"https:\/\/metrolinkanphu.com\/en\/so-do-mat-bang-vang-tai-metrolink-an-phu-co-hoi-thue-mat-bang-kinh-doanh-quan-2-dac-dia\/\" class=\"plain\">\n\t\t\t\t<div class=\"box box-normal box-text-bottom box-blog-post has-hover\">\n            \t\t\t\t\t<div class=\"box-image\" >\n  \t\t\t\t\t\t<div class=\"image-cover\" style=\"padding-top:75%;\">\n  \t\t\t\t\t\t\t<img loading=\"lazy\" decoding=\"async\" width=\"779\" height=\"400\" src=\"https:\/\/metrolinkanphu.com\/wp-content\/uploads\/2026\/04\/Thue\u0302-Ma\u0323\u0306t-Ba\u0306\u0300ng-Kinh-Doanh-Qua\u0323\u0302n-21-779x400.png\" class=\"attachment-medium size-medium wp-post-image\" alt=\"\" srcset=\"https:\/\/metrolinkanphu.com\/wp-content\/uploads\/2026\/04\/Thue\u0302-Ma\u0323\u0306t-Ba\u0306\u0300ng-Kinh-Doanh-Qua\u0323\u0302n-21-779x400.png 779w, https:\/\/metrolinkanphu.com\/wp-content\/uploads\/2026\/04\/Thue\u0302-Ma\u0323\u0306t-Ba\u0306\u0300ng-Kinh-Doanh-Qua\u0323\u0302n-21-768x394.png 768w, https:\/\/metrolinkanphu.com\/wp-content\/uploads\/2026\/04\/Thue\u0302-Ma\u0323\u0306t-Ba\u0306\u0300ng-Kinh-Doanh-Qua\u0323\u0302n-21-18x9.png 18w, https:\/\/metrolinkanphu.com\/wp-content\/uploads\/2026\/04\/Thue\u0302-Ma\u0323\u0306t-Ba\u0306\u0300ng-Kinh-Doanh-Qua\u0323\u0302n-21.png 904w\" sizes=\"auto, (max-width: 779px) 100vw, 779px\" \/>  \t\t\t\t\t\t\t  \t\t\t\t\t\t\t  \t\t\t\t\t\t<\/div>\n  \t\t\t\t\t\t  \t\t\t\t\t<\/div>\n          \t\t\t\t\t<div class=\"box-text text-center\" >\n\t\t\t\t\t<div class=\"box-text-inner blog-post-inner\">\n\n\t\t\t\t\t\n\t\t\t\t\t\t\t\t\t\t<h5 class=\"post-title is-large\">S\u01a1 \u0110\u1ed3 M\u1eb7t B\u1eb1ng \u201cV\u00e0ng\u201d T\u1ea1i Metrolink An Ph\u00fa \u2013 C\u01a1 H\u1ed9i Thu\u00ea M\u1eb7t B\u1eb1ng Kinh Doanh Qu\u1eadn 2 \u0110\u1eafc \u0110\u1ecba<\/h5>\n\t\t\t\t\t\t\t\t\t\t<div class=\"is-divider\"><\/div>\n\t\t\t\t\t\t\t\t\t\t<p class=\"from_the_blog_excerpt\">Khi t\u00ecm ki\u1ebfm m\u1eb7t b\u1eb1ng kinh doanh cho thu\u00ea Qu\u1eadn 2, nhi\u1ec1u ng\u01b0\u1eddi th\u01b0\u1eddng ch\u1ec9...\t\t\t\t\t<\/p>\n\t\t\t\t\t                    \n\t\t\t\t\t\n\t\t\t\t\t\n\t\t\t\t\t<\/div>\n\t\t\t\t\t<\/div>\n\t\t\t\t\t\t\t\t\t\t\t\t\t\t\t\t<div class=\"badge absolute top post-date badge-circle-inside\">\n\t\t\t\t\t\t\t<div class=\"badge-inner\">\n\t\t\t\t\t\t\t\t<span class=\"post-date-day\">15<\/span><br>\n\t\t\t\t\t\t\t\t<span class=\"post-date-month is-xsmall\">Apr<\/span>\n\t\t\t\t\t\t\t<\/div>\n\t\t\t\t\t\t<\/div>\n\t\t\t\t\t\t\t\t\t<\/div>\n\t\t\t\t<\/a>\n\t\t\t<\/div>\n\t\t<\/div><div class=\"col post-item\" >\n\t\t\t<div class=\"col-inner\">\n\t\t\t<a href=\"https:\/\/metrolinkanphu.com\/en\/cho-thue-cua-hang-tai-trung-tam-thuong-mai-quan-2-metrolink-an-phu-mo-cua-sinh-loi\/\" class=\"plain\">\n\t\t\t\t<div class=\"box box-normal box-text-bottom box-blog-post has-hover\">\n            \t\t\t\t\t<div class=\"box-image\" >\n  \t\t\t\t\t\t<div class=\"image-cover\" style=\"padding-top:75%;\">\n  \t\t\t\t\t\t\t<img loading=\"lazy\" decoding=\"async\" width=\"601\" height=\"400\" src=\"https:\/\/metrolinkanphu.com\/wp-content\/uploads\/2026\/04\/chothuecuahangtaiquan2-601x400.png\" class=\"attachment-medium size-medium wp-post-image\" alt=\"\" srcset=\"https:\/\/metrolinkanphu.com\/wp-content\/uploads\/2026\/04\/chothuecuahangtaiquan2-601x400.png 601w, https:\/\/metrolinkanphu.com\/wp-content\/uploads\/2026\/04\/chothuecuahangtaiquan2-768x511.png 768w, https:\/\/metrolinkanphu.com\/wp-content\/uploads\/2026\/04\/chothuecuahangtaiquan2-18x12.png 18w, https:\/\/metrolinkanphu.com\/wp-content\/uploads\/2026\/04\/chothuecuahangtaiquan2.png 904w\" sizes=\"auto, (max-width: 601px) 100vw, 601px\" \/>  \t\t\t\t\t\t\t  \t\t\t\t\t\t\t  \t\t\t\t\t\t<\/div>\n  \t\t\t\t\t\t  \t\t\t\t\t<\/div>\n          \t\t\t\t\t<div class=\"box-text text-center\" >\n\t\t\t\t\t<div class=\"box-text-inner blog-post-inner\">\n\n\t\t\t\t\t\n\t\t\t\t\t\t\t\t\t\t<h5 class=\"post-title is-large\">Cho Thu\u00ea C\u1eeda H\u00e0ng T\u1ea1i Trung T\u00e2m Th\u01b0\u01a1ng M\u1ea1i Qu\u1eadn 2 \u2013 Metrolink An Ph\u00fa, M\u1edf C\u1eeda Sinh L\u1eddi<\/h5>\n\t\t\t\t\t\t\t\t\t\t<div class=\"is-divider\"><\/div>\n\t\t\t\t\t\t\t\t\t\t<p class=\"from_the_blog_excerpt\">B\u1ea1n \u0111ang t\u00ecm ki\u1ebfm m\u1ed9t m\u1eb7t b\u1eb1ng \u0111\u1ec3 m\u1edf r\u1ed9ng kinh doanh t\u1ea1i khu v\u1ef1c...\t\t\t\t\t<\/p>\n\t\t\t\t\t                    \n\t\t\t\t\t\n\t\t\t\t\t\n\t\t\t\t\t<\/div>\n\t\t\t\t\t<\/div>\n\t\t\t\t\t\t\t\t\t\t\t\t\t\t\t\t<div class=\"badge absolute top post-date badge-circle-inside\">\n\t\t\t\t\t\t\t<div class=\"badge-inner\">\n\t\t\t\t\t\t\t\t<span class=\"post-date-day\">14<\/span><br>\n\t\t\t\t\t\t\t\t<span class=\"post-date-month is-xsmall\">Apr<\/span>\n\t\t\t\t\t\t\t<\/div>\n\t\t\t\t\t\t<\/div>\n\t\t\t\t\t\t\t\t\t<\/div>\n\t\t\t\t<\/a>\n\t\t\t<\/div>\n\t\t<\/div><div class=\"col post-item\" >\n\t\t\t<div class=\"col-inner\">\n\t\t\t<a href=\"https:\/\/metrolinkanphu.com\/en\/chuc-mung-ngay-le-phuc-sinh\/\" class=\"plain\">\n\t\t\t\t<div class=\"box box-normal box-text-bottom box-blog-post has-hover\">\n            \t\t\t\t\t<div class=\"box-image\" >\n  \t\t\t\t\t\t<div class=\"image-cover\" style=\"padding-top:75%;\">\n  \t\t\t\t\t\t\t<img loading=\"lazy\" decoding=\"async\" width=\"400\" height=\"400\" src=\"https:\/\/metrolinkanphu.com\/wp-content\/uploads\/2026\/04\/Metrolink-An-Phu\u0301-easter-Day-400x400.jpg\" class=\"attachment-medium size-medium wp-post-image\" alt=\"\" srcset=\"https:\/\/metrolinkanphu.com\/wp-content\/uploads\/2026\/04\/Metrolink-An-Phu\u0301-easter-Day-400x400.jpg 400w, https:\/\/metrolinkanphu.com\/wp-content\/uploads\/2026\/04\/Metrolink-An-Phu\u0301-easter-Day-800x800.jpg 800w, https:\/\/metrolinkanphu.com\/wp-content\/uploads\/2026\/04\/Metrolink-An-Phu\u0301-easter-Day-280x280.jpg 280w, https:\/\/metrolinkanphu.com\/wp-content\/uploads\/2026\/04\/Metrolink-An-Phu\u0301-easter-Day-768x768.jpg 768w, https:\/\/metrolinkanphu.com\/wp-content\/uploads\/2026\/04\/Metrolink-An-Phu\u0301-easter-Day-1536x1536.jpg 1536w, https:\/\/metrolinkanphu.com\/wp-content\/uploads\/2026\/04\/Metrolink-An-Phu\u0301-easter-Day-12x12.jpg 12w, https:\/\/metrolinkanphu.com\/wp-content\/uploads\/2026\/04\/Metrolink-An-Phu\u0301-easter-Day.jpg 1920w\" sizes=\"auto, (max-width: 400px) 100vw, 400px\" \/>  \t\t\t\t\t\t\t  \t\t\t\t\t\t\t  \t\t\t\t\t\t<\/div>\n  \t\t\t\t\t\t  \t\t\t\t\t<\/div>\n          \t\t\t\t\t<div class=\"box-text text-center\" >\n\t\t\t\t\t<div class=\"box-text-inner blog-post-inner\">\n\n\t\t\t\t\t\n\t\t\t\t\t\t\t\t\t\t<h5 class=\"post-title is-large\">CH\u00daC M\u1eeaNG NG\u00c0Y L\u1ec4 PH\u1ee4C SINH<\/h5>\n\t\t\t\t\t\t\t\t\t\t<div class=\"is-divider\"><\/div>\n\t\t\t\t\t\t\t\t\t\t<p class=\"from_the_blog_excerpt\">CH\u00daC M\u1eeaNG NG\u00c0Y L\u1ec4 PH\u1ee4C SINH Metrolink An Ph\u00fa ch\u00fac b\u1ea1n v\u00e0 gia \u0111\u00ecnh Ng\u00e0y...\t\t\t\t\t<\/p>\n\t\t\t\t\t                    \n\t\t\t\t\t\n\t\t\t\t\t\n\t\t\t\t\t<\/div>\n\t\t\t\t\t<\/div>\n\t\t\t\t\t\t\t\t\t\t\t\t\t\t\t\t<div class=\"badge absolute top post-date badge-circle-inside\">\n\t\t\t\t\t\t\t<div class=\"badge-inner\">\n\t\t\t\t\t\t\t\t<span class=\"post-date-day\">05<\/span><br>\n\t\t\t\t\t\t\t\t<span class=\"post-date-month is-xsmall\">Apr<\/span>\n\t\t\t\t\t\t\t<\/div>\n\t\t\t\t\t\t<\/div>\n\t\t\t\t\t\t\t\t\t<\/div>\n\t\t\t\t<\/a>\n\t\t\t<\/div>\n\t\t<\/div><div class=\"col post-item\" >\n\t\t\t<div class=\"col-inner\">\n\t\t\t<a href=\"https:\/\/metrolinkanphu.com\/en\/earth-hours\/\" class=\"plain\">\n\t\t\t\t<div class=\"box box-normal box-text-bottom box-blog-post has-hover\">\n            \t\t\t\t\t<div class=\"box-image\" >\n  \t\t\t\t\t\t<div class=\"image-cover\" style=\"padding-top:75%;\">\n  \t\t\t\t\t\t\t<img loading=\"lazy\" decoding=\"async\" width=\"400\" height=\"400\" src=\"https:\/\/metrolinkanphu.com\/wp-content\/uploads\/2026\/03\/Earth-Hour-facebook-post-400x400.png\" class=\"attachment-medium size-medium wp-post-image\" alt=\"\" srcset=\"https:\/\/metrolinkanphu.com\/wp-content\/uploads\/2026\/03\/Earth-Hour-facebook-post-400x400.png 400w, https:\/\/metrolinkanphu.com\/wp-content\/uploads\/2026\/03\/Earth-Hour-facebook-post-800x800.png 800w, https:\/\/metrolinkanphu.com\/wp-content\/uploads\/2026\/03\/Earth-Hour-facebook-post-280x280.png 280w, https:\/\/metrolinkanphu.com\/wp-content\/uploads\/2026\/03\/Earth-Hour-facebook-post-768x768.png 768w, https:\/\/metrolinkanphu.com\/wp-content\/uploads\/2026\/03\/Earth-Hour-facebook-post-1536x1536.png 1536w, https:\/\/metrolinkanphu.com\/wp-content\/uploads\/2026\/03\/Earth-Hour-facebook-post-12x12.png 12w, https:\/\/metrolinkanphu.com\/wp-content\/uploads\/2026\/03\/Earth-Hour-facebook-post.png 1920w\" sizes=\"auto, (max-width: 400px) 100vw, 400px\" \/>  \t\t\t\t\t\t\t  \t\t\t\t\t\t\t  \t\t\t\t\t\t<\/div>\n  \t\t\t\t\t\t  \t\t\t\t\t<\/div>\n          \t\t\t\t\t<div class=\"box-text text-center\" >\n\t\t\t\t\t<div class=\"box-text-inner blog-post-inner\">\n\n\t\t\t\t\t\n\t\t\t\t\t\t\t\t\t\t<h5 class=\"post-title is-large\">EARTH HOUR 2026 - GREEN INNOVATION, GREENER FUTURE<\/h5>\n\t\t\t\t\t\t\t\t\t\t<div class=\"is-divider\"><\/div>\n\t\t\t\t\t\t\t\t\t\t<p class=\"from_the_blog_excerpt\">\ud83c\udf0d H\u01af\u1edeNG \u1ee8NG GI\u1edc TR\u00c1I \u0110\u1ea4T 2026 \u201cS\u00e1ng t\u1ea1o xanh &#8211; T\u01b0\u01a1ng lai xanh\u201d \u00a0...\t\t\t\t\t<\/p>\n\t\t\t\t\t                    \n\t\t\t\t\t\n\t\t\t\t\t\n\t\t\t\t\t<\/div>\n\t\t\t\t\t<\/div>\n\t\t\t\t\t\t\t\t\t\t\t\t\t\t\t\t<div class=\"badge absolute top post-date badge-circle-inside\">\n\t\t\t\t\t\t\t<div class=\"badge-inner\">\n\t\t\t\t\t\t\t\t<span class=\"post-date-day\">27<\/span><br>\n\t\t\t\t\t\t\t\t<span class=\"post-date-month is-xsmall\">Mar<\/span>\n\t\t\t\t\t\t\t<\/div>\n\t\t\t\t\t\t<\/div>\n\t\t\t\t\t\t\t\t\t<\/div>\n\t\t\t\t<\/a>\n\t\t\t<\/div>\n\t\t<\/div><div class=\"col post-item\" >\n\t\t\t<div class=\"col-inner\">\n\t\t\t<a href=\"https:\/\/metrolinkanphu.com\/en\/di-lam-nhe-nhang-ket-noi-san-sang\/\" class=\"plain\">\n\t\t\t\t<div class=\"box box-normal box-text-bottom box-blog-post has-hover\">\n            \t\t\t\t\t<div class=\"box-image\" >\n  \t\t\t\t\t\t<div class=\"image-cover\" style=\"padding-top:75%;\">\n  \t\t\t\t\t\t\t<img loading=\"lazy\" decoding=\"async\" width=\"400\" height=\"400\" src=\"https:\/\/metrolinkanphu.com\/wp-content\/uploads\/2026\/03\/Metrolink_Post-20--400x400.png\" class=\"attachment-medium size-medium wp-post-image\" alt=\"\" srcset=\"https:\/\/metrolinkanphu.com\/wp-content\/uploads\/2026\/03\/Metrolink_Post-20--400x400.png 400w, https:\/\/metrolinkanphu.com\/wp-content\/uploads\/2026\/03\/Metrolink_Post-20--800x800.png 800w, https:\/\/metrolinkanphu.com\/wp-content\/uploads\/2026\/03\/Metrolink_Post-20--280x280.png 280w, https:\/\/metrolinkanphu.com\/wp-content\/uploads\/2026\/03\/Metrolink_Post-20--768x768.png 768w, https:\/\/metrolinkanphu.com\/wp-content\/uploads\/2026\/03\/Metrolink_Post-20--12x12.png 12w, https:\/\/metrolinkanphu.com\/wp-content\/uploads\/2026\/03\/Metrolink_Post-20-.png 1080w\" sizes=\"auto, (max-width: 400px) 100vw, 400px\" \/>  \t\t\t\t\t\t\t  \t\t\t\t\t\t\t  \t\t\t\t\t\t<\/div>\n  \t\t\t\t\t\t  \t\t\t\t\t<\/div>\n          \t\t\t\t\t<div class=\"box-text text-center\" >\n\t\t\t\t\t<div class=\"box-text-inner blog-post-inner\">\n\n\t\t\t\t\t\n\t\t\t\t\t\t\t\t\t\t<h5 class=\"post-title is-large\">\u0110I L\u00c0M NH\u1eb8 NH\u00c0NG &#8211; K\u1ebeT N\u1ed0I S\u1eb4N S\u00c0NG<\/h5>\n\t\t\t\t\t\t\t\t\t\t<div class=\"is-divider\"><\/div>\n\t\t\t\t\t\t\t\t\t\t<p class=\"from_the_blog_excerpt\">\u0110I L\u00c0M NH\u1eb8 NH\u00c0NG &#8211; K\u1ebeT N\u1ed0I S\u1eb4N S\u00c0NG B\u1eaft \u0111\u1ea7u m\u1ed9t ng\u00e0y l\u00e0m vi\u1ec7c...\t\t\t\t\t<\/p>\n\t\t\t\t\t                    \n\t\t\t\t\t\n\t\t\t\t\t\n\t\t\t\t\t<\/div>\n\t\t\t\t\t<\/div>\n\t\t\t\t\t\t\t\t\t\t\t\t\t\t\t\t<div class=\"badge absolute top post-date badge-circle-inside\">\n\t\t\t\t\t\t\t<div class=\"badge-inner\">\n\t\t\t\t\t\t\t\t<span class=\"post-date-day\">23<\/span><br>\n\t\t\t\t\t\t\t\t<span class=\"post-date-month is-xsmall\">Mar<\/span>\n\t\t\t\t\t\t\t<\/div>\n\t\t\t\t\t\t<\/div>\n\t\t\t\t\t\t\t\t\t<\/div>\n\t\t\t\t<\/a>\n\t\t\t<\/div>\n\t\t<\/div><div class=\"col post-item\" >\n\t\t\t<div class=\"col-inner\">\n\t\t\t<a href=\"https:\/\/metrolinkanphu.com\/en\/chuc-mung-ngay-quoc-te-hanh-phuc\/\" class=\"plain\">\n\t\t\t\t<div class=\"box box-normal box-text-bottom box-blog-post has-hover\">\n            \t\t\t\t\t<div class=\"box-image\" >\n  \t\t\t\t\t\t<div class=\"image-cover\" style=\"padding-top:75%;\">\n  \t\t\t\t\t\t\t<img loading=\"lazy\" decoding=\"async\" width=\"400\" height=\"400\" src=\"https:\/\/metrolinkanphu.com\/wp-content\/uploads\/2026\/03\/International-Day-of-Happiness-facebook-post-400x400.png\" class=\"attachment-medium size-medium wp-post-image\" alt=\"\" srcset=\"https:\/\/metrolinkanphu.com\/wp-content\/uploads\/2026\/03\/International-Day-of-Happiness-facebook-post-400x400.png 400w, https:\/\/metrolinkanphu.com\/wp-content\/uploads\/2026\/03\/International-Day-of-Happiness-facebook-post-800x800.png 800w, https:\/\/metrolinkanphu.com\/wp-content\/uploads\/2026\/03\/International-Day-of-Happiness-facebook-post-280x280.png 280w, https:\/\/metrolinkanphu.com\/wp-content\/uploads\/2026\/03\/International-Day-of-Happiness-facebook-post-768x768.png 768w, https:\/\/metrolinkanphu.com\/wp-content\/uploads\/2026\/03\/International-Day-of-Happiness-facebook-post-1536x1536.png 1536w, https:\/\/metrolinkanphu.com\/wp-content\/uploads\/2026\/03\/International-Day-of-Happiness-facebook-post-12x12.png 12w, https:\/\/metrolinkanphu.com\/wp-content\/uploads\/2026\/03\/International-Day-of-Happiness-facebook-post.png 1920w\" sizes=\"auto, (max-width: 400px) 100vw, 400px\" \/>  \t\t\t\t\t\t\t  \t\t\t\t\t\t\t  \t\t\t\t\t\t<\/div>\n  \t\t\t\t\t\t  \t\t\t\t\t<\/div>\n          \t\t\t\t\t<div class=\"box-text text-center\" >\n\t\t\t\t\t<div class=\"box-text-inner blog-post-inner\">\n\n\t\t\t\t\t\n\t\t\t\t\t\t\t\t\t\t<h5 class=\"post-title is-large\">HAPPY INTERNATIONAL DAY OF HAPPINESS<\/h5>\n\t\t\t\t\t\t\t\t\t\t<div class=\"is-divider\"><\/div>\n\t\t\t\t\t\t\t\t\t\t<p class=\"from_the_blog_excerpt\">CH\u00daC M\u1eeaNG NG\u00c0Y QU\u1ed0C T\u1ebe H\u1ea0NH PH\u00daC H\u1ea1nh ph\u00fac c\u1ee7a d\u00e2n v\u0103n ph\u00f2ng \u0111\u00f4i khi...\t\t\t\t\t<\/p>\n\t\t\t\t\t                    \n\t\t\t\t\t\n\t\t\t\t\t\n\t\t\t\t\t<\/div>\n\t\t\t\t\t<\/div>\n\t\t\t\t\t\t\t\t\t\t\t\t\t\t\t\t<div class=\"badge absolute top post-date badge-circle-inside\">\n\t\t\t\t\t\t\t<div class=\"badge-inner\">\n\t\t\t\t\t\t\t\t<span class=\"post-date-day\">20<\/span><br>\n\t\t\t\t\t\t\t\t<span class=\"post-date-month is-xsmall\">Mar<\/span>\n\t\t\t\t\t\t\t<\/div>\n\t\t\t\t\t\t<\/div>\n\t\t\t\t\t\t\t\t\t<\/div>\n\t\t\t\t<\/a>\n\t\t\t<\/div>\n\t\t<\/div><\/div>\n\t\t<\/div>\n\t\t\t\t\t<\/div>\n\n\t\n<\/div>\n<div class=\"social-icons follow-icons full-width text-center\" ><a href=\"https:\/\/www.facebook.com\/metrolinkanphu\" target=\"_blank\" data-label=\"Facebook\" rel=\"noopener noreferrer nofollow\" class=\"icon button circle is-outline facebook tooltip\" title=\"Follow on Facebook\" aria-label=\"Follow on Facebook\"><i class=\"icon-facebook\" ><\/i><\/a><a href=\"mailto:leasing@phunghung.com.vn\" data-label=\"E-mail\" rel=\"nofollow\" class=\"icon button circle is-outline  email tooltip\" title=\"Send us an email\" aria-label=\"Send us an email\"><i class=\"icon-envelop\" ><\/i><\/a><a href=\"tel:0798888769\" target=\"_blank\" data-label=\"Phone\" rel=\"noopener noreferrer nofollow\" class=\"icon button circle is-outline  phone tooltip\" title=\"Call us\" aria-label=\"Call us\"><i class=\"icon-phone\" ><\/i><\/a><a href=\"https:\/\/www.linkedin.com\/in\/metrolink-an-ph%C3%BA\/\" target=\"_blank\" rel=\"noopener noreferrer nofollow\" data-label=\"LinkedIn\" class=\"icon button circle is-outline  linkedin tooltip\" title=\"Follow on LinkedIn\" aria-label=\"Follow on LinkedIn\"><i class=\"icon-linkedin\" ><\/i><\/a><\/div>\n<div class=\"row align-center\"  id=\"row-366593239\">\n\n\t<div id=\"col-1173656353\" class=\"col medium-4 small-12 large-4\"  >\n\t\t\t\t<div class=\"col-inner text-center\"  >\n\t\t\t\n\t\t\t\n<a href=\"https:\/\/metrolinkanphu.com\/en\/category\/tieu-diem\/\" target=\"_self\" class=\"button secondary\" style=\"border-radius:10px;\">\n    <span>View all stories<\/span>\n  <i class=\"icon-angle-right\" aria-hidden=\"true\" ><\/i><\/a>\n\n\t\t<\/div>\n\t\t\t\t\t<\/div>\n\n\t\n<\/div>","protected":false},"excerpt":{"rendered":"","protected":false},"author":1,"featured_media":0,"parent":0,"menu_order":0,"comment_status":"closed","ping_status":"closed","template":"page-blank.php","meta":{"_exactmetrics_skip_tracking":false,"_exactmetrics_sitenote_active":false,"_exactmetrics_sitenote_note":"","_exactmetrics_sitenote_category":0,"footnotes":""},"class_list":["post-2955","page","type-page","status-publish","hentry"],"_links":{"self":[{"href":"https:\/\/metrolinkanphu.com\/en\/wp-json\/wp\/v2\/pages\/2955","targetHints":{"allow":["GET"]}}],"collection":[{"href":"https:\/\/metrolinkanphu.com\/en\/wp-json\/wp\/v2\/pages"}],"about":[{"href":"https:\/\/metrolinkanphu.com\/en\/wp-json\/wp\/v2\/types\/page"}],"author":[{"embeddable":true,"href":"https:\/\/metrolinkanphu.com\/en\/wp-json\/wp\/v2\/users\/1"}],"replies":[{"embeddable":true,"href":"https:\/\/metrolinkanphu.com\/en\/wp-json\/wp\/v2\/comments?post=2955"}],"version-history":[{"count":4,"href":"https:\/\/metrolinkanphu.com\/en\/wp-json\/wp\/v2\/pages\/2955\/revisions"}],"predecessor-version":[{"id":13593,"href":"https:\/\/metrolinkanphu.com\/en\/wp-json\/wp\/v2\/pages\/2955\/revisions\/13593"}],"wp:attachment":[{"href":"https:\/\/metrolinkanphu.com\/en\/wp-json\/wp\/v2\/media?parent=2955"}],"curies":[{"name":"wp","href":"https:\/\/api.w.org\/{rel}","templated":true}]}}